{"id":84,"date":"2025-12-08T12:05:32","date_gmt":"2025-12-08T12:05:32","guid":{"rendered":"https:\/\/sigmundhegstad.no\/wordpress\/?page_id=84"},"modified":"2026-01-04T11:08:53","modified_gmt":"2026-01-04T11:08:53","slug":"bonn-lengsel-etter-ro","status":"publish","type":"page","link":"https:\/\/sigmundhegstad.no\/index.php\/prosjekter\/bonn-lengsel-etter-ro\/","title":{"rendered":"B\u00f8nn-lengsel etter ro"},"content":{"rendered":"\n<div class=\"wp-block-columns alignwide is-layout-flex wp-container-core-columns-is-layout-9d6595d7 wp-block-columns-is-layout-flex\">\n<div class=\"wp-block-column is-layout-flow wp-block-column-is-layout-flow\" style=\"flex-basis:60%\">\n<h2 class=\"wp-block-heading\">B\u00f8nn &#8211; lengsel etter ro<\/h2>\n\n\n\n<p class=\"has-text-align-left\"><strong>Forestilling Kulturkirken Jakob <\/strong><\/p>\n\n\n\n<p class=\"has-text-align-left\">&raquo; \u2026og seg omsider p\u00e5 d\u00f8ren m\u00e5 liste, hva som forstyrrer i hjertet min ro&raquo;<\/p>\n\n\n\n<p><\/p>\n\n\n\n<p class=\"has-text-align-left\">Til religi\u00f8se folketoner utforsker koreograf Sigmund Hegstad b\u00f8nn som uttrykk for lengsel etter mening og ro i livet. Dansen knytter b\u00f8nn til forskjellige sider ved livet, som glede og sorg.<\/p>\n\n\n\n<p><\/p>\n\n\n\n<p><strong>Medvirkende:<\/strong><\/p>\n\n\n\n<p>&nbsp;&nbsp;&nbsp;&nbsp;&nbsp;&nbsp;&nbsp;&nbsp;&nbsp;&nbsp;&nbsp; Dans: Michelle Cheung og Sigmund Hegstad<\/p>\n\n\n\n<p>&nbsp;&nbsp;&nbsp;&nbsp;&nbsp;&nbsp;&nbsp;&nbsp;&nbsp;&nbsp;&nbsp; Fele: Andreas Bj\u00f8rk\u00e5s<\/p>\n\n\n\n<p>&nbsp;&nbsp;&nbsp;&nbsp;&nbsp;&nbsp;&nbsp;&nbsp;&nbsp;&nbsp;&nbsp; Trekkspill: Stein Magne Eggen<\/p>\n<\/div>\n<\/div>\n\n\n\n<figure class=\"wp-block-gallery alignwide has-nested-images columns-2 is-cropped wp-block-gallery-1 is-layout-flex wp-block-gallery-is-layout-flex\" style=\"padding-top:0;padding-right:0;padding-bottom:0;padding-left:0\">\n<figure class=\"wp-block-image size-full\"><img loading=\"lazy\" decoding=\"async\" width=\"2560\" height=\"1708\" data-id=\"190\" src=\"https:\/\/sigmundhegstad.no\/wp-content\/uploads\/2026\/01\/Hegstad-Bonn-bilde-01-scaled.jpg\" alt=\"\" class=\"wp-image-190\" style=\"aspect-ratio:1\" srcset=\"https:\/\/sigmundhegstad.no\/wp-content\/uploads\/2026\/01\/Hegstad-Bonn-bilde-01-scaled.jpg 2560w, https:\/\/sigmundhegstad.no\/wp-content\/uploads\/2026\/01\/Hegstad-Bonn-bilde-01-300x200.jpg 300w, https:\/\/sigmundhegstad.no\/wp-content\/uploads\/2026\/01\/Hegstad-Bonn-bilde-01-1024x683.jpg 1024w, https:\/\/sigmundhegstad.no\/wp-content\/uploads\/2026\/01\/Hegstad-Bonn-bilde-01-768x513.jpg 768w, https:\/\/sigmundhegstad.no\/wp-content\/uploads\/2026\/01\/Hegstad-Bonn-bilde-01-1536x1025.jpg 1536w, https:\/\/sigmundhegstad.no\/wp-content\/uploads\/2026\/01\/Hegstad-Bonn-bilde-01-2048x1367.jpg 2048w\" sizes=\"auto, (max-width: 2560px) 100vw, 2560px\" \/><\/figure>\n\n\n\n<figure class=\"wp-block-image size-full\"><img loading=\"lazy\" decoding=\"async\" width=\"2560\" height=\"1708\" data-id=\"191\" src=\"https:\/\/sigmundhegstad.no\/wp-content\/uploads\/2026\/01\/DSC8496-scaled.jpg\" alt=\"\" class=\"wp-image-191\" style=\"aspect-ratio:1\" srcset=\"https:\/\/sigmundhegstad.no\/wp-content\/uploads\/2026\/01\/DSC8496-scaled.jpg 2560w, https:\/\/sigmundhegstad.no\/wp-content\/uploads\/2026\/01\/DSC8496-300x200.jpg 300w, https:\/\/sigmundhegstad.no\/wp-content\/uploads\/2026\/01\/DSC8496-1024x683.jpg 1024w, https:\/\/sigmundhegstad.no\/wp-content\/uploads\/2026\/01\/DSC8496-768x513.jpg 768w, https:\/\/sigmundhegstad.no\/wp-content\/uploads\/2026\/01\/DSC8496-1536x1025.jpg 1536w, https:\/\/sigmundhegstad.no\/wp-content\/uploads\/2026\/01\/DSC8496-2048x1367.jpg 2048w\" sizes=\"auto, (max-width: 2560px) 100vw, 2560px\" \/><\/figure>\n<\/figure>\n\n\n\n<p><\/p>\n","protected":false},"excerpt":{"rendered":"<p>B\u00f8nn &#8211; lengsel etter ro Forestilling Kulturkirken Jakob &raquo; \u2026og seg omsider p\u00e5 d\u00f8ren m\u00e5 liste, hva som forstyrrer i hjertet min ro&raquo; Til religi\u00f8se folketoner utforsker koreograf Sigmund Hegstad b\u00f8nn som uttrykk for lengsel etter mening og ro i livet. Dansen knytter b\u00f8nn til forskjellige sider ved livet, som glede og sorg. Medvirkende: &nbsp;&nbsp;&nbsp;&nbsp;&nbsp;&nbsp;&nbsp;&nbsp;&nbsp;&nbsp;&nbsp; [&hellip;]<\/p>\n","protected":false},"author":1,"featured_media":0,"parent":55,"menu_order":0,"comment_status":"closed","ping_status":"closed","template":"","meta":{"_coblocks_attr":"","_coblocks_dimensions":"","_coblocks_responsive_height":"","_coblocks_accordion_ie_support":"","hide_page_title":"","footnotes":""},"class_list":["post-84","page","type-page","status-publish","hentry"],"yoast_head":"<!-- This site is optimized with the Yoast SEO plugin v26.2 - https:\/\/yoast.com\/wordpress\/plugins\/seo\/ -->\n<title>B\u00f8nn-lengsel etter ro - Sigmund Hegstad - dansekunstner<\/title>\n<meta name=\"robots\" content=\"index, follow, max-snippet:-1, max-image-preview:large, max-video-preview:-1\" \/>\n<link rel=\"canonical\" href=\"https:\/\/sigmundhegstad.no\/index.php\/prosjekter\/bonn-lengsel-etter-ro\/\" \/>\n<meta property=\"og:locale\" content=\"nb_NO\" \/>\n<meta property=\"og:type\" content=\"article\" \/>\n<meta property=\"og:title\" content=\"B\u00f8nn-lengsel etter ro - Sigmund Hegstad - dansekunstner\" \/>\n<meta property=\"og:description\" content=\"B\u00f8nn &#8211; lengsel etter ro Forestilling Kulturkirken Jakob &raquo; \u2026og seg omsider p\u00e5 d\u00f8ren m\u00e5 liste, hva som forstyrrer i hjertet min ro&raquo; Til religi\u00f8se folketoner utforsker koreograf Sigmund Hegstad b\u00f8nn som uttrykk for lengsel etter mening og ro i livet. Dansen knytter b\u00f8nn til forskjellige sider ved livet, som glede og sorg. Medvirkende: &nbsp;&nbsp;&nbsp;&nbsp;&nbsp;&nbsp;&nbsp;&nbsp;&nbsp;&nbsp;&nbsp; [&hellip;]\" \/>\n<meta property=\"og:url\" content=\"https:\/\/sigmundhegstad.no\/index.php\/prosjekter\/bonn-lengsel-etter-ro\/\" \/>\n<meta property=\"og:site_name\" content=\"Sigmund Hegstad - dansekunstner\" \/>\n<meta property=\"article:modified_time\" content=\"2026-01-04T11:08:53+00:00\" \/>\n<meta property=\"og:image\" content=\"https:\/\/sigmundhegstad.no\/wp-content\/uploads\/2026\/01\/Hegstad-Bonn-bilde-01-scaled.jpg\" \/>\n\t<meta property=\"og:image:width\" content=\"2560\" \/>\n\t<meta property=\"og:image:height\" content=\"1708\" \/>\n\t<meta property=\"og:image:type\" content=\"image\/jpeg\" \/>\n<meta name=\"twitter:card\" content=\"summary_large_image\" \/>\n<meta name=\"twitter:label1\" content=\"Ansl. lesetid\" \/>\n\t<meta name=\"twitter:data1\" content=\"1 minutt\" \/>\n<script type=\"application\/ld+json\" class=\"yoast-schema-graph\">{\"@context\":\"https:\/\/schema.org\",\"@graph\":[{\"@type\":\"WebPage\",\"@id\":\"https:\/\/sigmundhegstad.no\/index.php\/prosjekter\/bonn-lengsel-etter-ro\/\",\"url\":\"https:\/\/sigmundhegstad.no\/index.php\/prosjekter\/bonn-lengsel-etter-ro\/\",\"name\":\"B\u00f8nn-lengsel etter ro - Sigmund Hegstad - dansekunstner\",\"isPartOf\":{\"@id\":\"https:\/\/sigmundhegstad.no\/#website\"},\"primaryImageOfPage\":{\"@id\":\"https:\/\/sigmundhegstad.no\/index.php\/prosjekter\/bonn-lengsel-etter-ro\/#primaryimage\"},\"image\":{\"@id\":\"https:\/\/sigmundhegstad.no\/index.php\/prosjekter\/bonn-lengsel-etter-ro\/#primaryimage\"},\"thumbnailUrl\":\"https:\/\/sigmundhegstad.no\/wp-content\/uploads\/2026\/01\/Hegstad-Bonn-bilde-01-scaled.jpg\",\"datePublished\":\"2025-12-08T12:05:32+00:00\",\"dateModified\":\"2026-01-04T11:08:53+00:00\",\"breadcrumb\":{\"@id\":\"https:\/\/sigmundhegstad.no\/index.php\/prosjekter\/bonn-lengsel-etter-ro\/#breadcrumb\"},\"inLanguage\":\"nb-NO\",\"potentialAction\":[{\"@type\":\"ReadAction\",\"target\":[\"https:\/\/sigmundhegstad.no\/index.php\/prosjekter\/bonn-lengsel-etter-ro\/\"]}]},{\"@type\":\"ImageObject\",\"inLanguage\":\"nb-NO\",\"@id\":\"https:\/\/sigmundhegstad.no\/index.php\/prosjekter\/bonn-lengsel-etter-ro\/#primaryimage\",\"url\":\"https:\/\/sigmundhegstad.no\/wp-content\/uploads\/2026\/01\/Hegstad-Bonn-bilde-01-scaled.jpg\",\"contentUrl\":\"https:\/\/sigmundhegstad.no\/wp-content\/uploads\/2026\/01\/Hegstad-Bonn-bilde-01-scaled.jpg\",\"width\":2560,\"height\":1708},{\"@type\":\"BreadcrumbList\",\"@id\":\"https:\/\/sigmundhegstad.no\/index.php\/prosjekter\/bonn-lengsel-etter-ro\/#breadcrumb\",\"itemListElement\":[{\"@type\":\"ListItem\",\"position\":1,\"name\":\"Hjem\",\"item\":\"https:\/\/sigmundhegstad.no\/\"},{\"@type\":\"ListItem\",\"position\":2,\"name\":\"Prosjekter\",\"item\":\"https:\/\/sigmundhegstad.no\/\"},{\"@type\":\"ListItem\",\"position\":3,\"name\":\"B\u00f8nn-lengsel etter ro\"}]},{\"@type\":\"WebSite\",\"@id\":\"https:\/\/sigmundhegstad.no\/#website\",\"url\":\"https:\/\/sigmundhegstad.no\/\",\"name\":\"Sigmund Hegstad - dansekunstner\",\"description\":\"\",\"potentialAction\":[{\"@type\":\"SearchAction\",\"target\":{\"@type\":\"EntryPoint\",\"urlTemplate\":\"https:\/\/sigmundhegstad.no\/?s={search_term_string}\"},\"query-input\":{\"@type\":\"PropertyValueSpecification\",\"valueRequired\":true,\"valueName\":\"search_term_string\"}}],\"inLanguage\":\"nb-NO\"}]}<\/script>\n<!-- \/ Yoast SEO plugin. -->","yoast_head_json":{"title":"B\u00f8nn-lengsel etter ro - Sigmund Hegstad - dansekunstner","robots":{"index":"index","follow":"follow","max-snippet":"max-snippet:-1","max-image-preview":"max-image-preview:large","max-video-preview":"max-video-preview:-1"},"canonical":"https:\/\/sigmundhegstad.no\/index.php\/prosjekter\/bonn-lengsel-etter-ro\/","og_locale":"nb_NO","og_type":"article","og_title":"B\u00f8nn-lengsel etter ro - Sigmund Hegstad - dansekunstner","og_description":"B\u00f8nn &#8211; lengsel etter ro Forestilling Kulturkirken Jakob &raquo; \u2026og seg omsider p\u00e5 d\u00f8ren m\u00e5 liste, hva som forstyrrer i hjertet min ro&raquo; Til religi\u00f8se folketoner utforsker koreograf Sigmund Hegstad b\u00f8nn som uttrykk for lengsel etter mening og ro i livet. Dansen knytter b\u00f8nn til forskjellige sider ved livet, som glede og sorg. Medvirkende: &nbsp;&nbsp;&nbsp;&nbsp;&nbsp;&nbsp;&nbsp;&nbsp;&nbsp;&nbsp;&nbsp; [&hellip;]","og_url":"https:\/\/sigmundhegstad.no\/index.php\/prosjekter\/bonn-lengsel-etter-ro\/","og_site_name":"Sigmund Hegstad - dansekunstner","article_modified_time":"2026-01-04T11:08:53+00:00","og_image":[{"width":2560,"height":1708,"url":"https:\/\/sigmundhegstad.no\/wp-content\/uploads\/2026\/01\/Hegstad-Bonn-bilde-01-scaled.jpg","type":"image\/jpeg"}],"twitter_card":"summary_large_image","twitter_misc":{"Ansl. lesetid":"1 minutt"},"schema":{"@context":"https:\/\/schema.org","@graph":[{"@type":"WebPage","@id":"https:\/\/sigmundhegstad.no\/index.php\/prosjekter\/bonn-lengsel-etter-ro\/","url":"https:\/\/sigmundhegstad.no\/index.php\/prosjekter\/bonn-lengsel-etter-ro\/","name":"B\u00f8nn-lengsel etter ro - Sigmund Hegstad - dansekunstner","isPartOf":{"@id":"https:\/\/sigmundhegstad.no\/#website"},"primaryImageOfPage":{"@id":"https:\/\/sigmundhegstad.no\/index.php\/prosjekter\/bonn-lengsel-etter-ro\/#primaryimage"},"image":{"@id":"https:\/\/sigmundhegstad.no\/index.php\/prosjekter\/bonn-lengsel-etter-ro\/#primaryimage"},"thumbnailUrl":"https:\/\/sigmundhegstad.no\/wp-content\/uploads\/2026\/01\/Hegstad-Bonn-bilde-01-scaled.jpg","datePublished":"2025-12-08T12:05:32+00:00","dateModified":"2026-01-04T11:08:53+00:00","breadcrumb":{"@id":"https:\/\/sigmundhegstad.no\/index.php\/prosjekter\/bonn-lengsel-etter-ro\/#breadcrumb"},"inLanguage":"nb-NO","potentialAction":[{"@type":"ReadAction","target":["https:\/\/sigmundhegstad.no\/index.php\/prosjekter\/bonn-lengsel-etter-ro\/"]}]},{"@type":"ImageObject","inLanguage":"nb-NO","@id":"https:\/\/sigmundhegstad.no\/index.php\/prosjekter\/bonn-lengsel-etter-ro\/#primaryimage","url":"https:\/\/sigmundhegstad.no\/wp-content\/uploads\/2026\/01\/Hegstad-Bonn-bilde-01-scaled.jpg","contentUrl":"https:\/\/sigmundhegstad.no\/wp-content\/uploads\/2026\/01\/Hegstad-Bonn-bilde-01-scaled.jpg","width":2560,"height":1708},{"@type":"BreadcrumbList","@id":"https:\/\/sigmundhegstad.no\/index.php\/prosjekter\/bonn-lengsel-etter-ro\/#breadcrumb","itemListElement":[{"@type":"ListItem","position":1,"name":"Hjem","item":"https:\/\/sigmundhegstad.no\/"},{"@type":"ListItem","position":2,"name":"Prosjekter","item":"https:\/\/sigmundhegstad.no\/"},{"@type":"ListItem","position":3,"name":"B\u00f8nn-lengsel etter ro"}]},{"@type":"WebSite","@id":"https:\/\/sigmundhegstad.no\/#website","url":"https:\/\/sigmundhegstad.no\/","name":"Sigmund Hegstad - dansekunstner","description":"","potentialAction":[{"@type":"SearchAction","target":{"@type":"EntryPoint","urlTemplate":"https:\/\/sigmundhegstad.no\/?s={search_term_string}"},"query-input":{"@type":"PropertyValueSpecification","valueRequired":true,"valueName":"search_term_string"}}],"inLanguage":"nb-NO"}]}},"_links":{"self":[{"href":"https:\/\/sigmundhegstad.no\/index.php\/wp-json\/wp\/v2\/pages\/84","targetHints":{"allow":["GET"]}}],"collection":[{"href":"https:\/\/sigmundhegstad.no\/index.php\/wp-json\/wp\/v2\/pages"}],"about":[{"href":"https:\/\/sigmundhegstad.no\/index.php\/wp-json\/wp\/v2\/types\/page"}],"author":[{"embeddable":true,"href":"https:\/\/sigmundhegstad.no\/index.php\/wp-json\/wp\/v2\/users\/1"}],"replies":[{"embeddable":true,"href":"https:\/\/sigmundhegstad.no\/index.php\/wp-json\/wp\/v2\/comments?post=84"}],"version-history":[{"count":10,"href":"https:\/\/sigmundhegstad.no\/index.php\/wp-json\/wp\/v2\/pages\/84\/revisions"}],"predecessor-version":[{"id":192,"href":"https:\/\/sigmundhegstad.no\/index.php\/wp-json\/wp\/v2\/pages\/84\/revisions\/192"}],"up":[{"embeddable":true,"href":"https:\/\/sigmundhegstad.no\/index.php\/wp-json\/wp\/v2\/pages\/55"}],"wp:attachment":[{"href":"https:\/\/sigmundhegstad.no\/index.php\/wp-json\/wp\/v2\/media?parent=84"}],"curies":[{"name":"wp","href":"https:\/\/api.w.org\/{rel}","templated":true}]}}