{"id":35,"date":"2025-10-12T16:12:50","date_gmt":"2025-10-12T16:12:50","guid":{"rendered":"https:\/\/sigmundhegstad.no\/wordpress\/?page_id=35"},"modified":"2025-10-12T16:12:50","modified_gmt":"2025-10-12T16:12:50","slug":"kontakt-2","status":"publish","type":"page","link":"https:\/\/sigmundhegstad.no\/index.php\/kontakt-2\/","title":{"rendered":"Om meg"},"content":{"rendered":"\n<h2 class=\"wp-block-heading has-text-align-left has-huge-font-size\">Sigmund Hegstad<\/h2>\n\n\n\n<p class=\"has-text-align-left\">Da jeg begynte \u00e5 danse som ni\u00e5ring, skj\u00f8nte jeg fort at det var dette jeg ville holde p\u00e5 med. I tillegg til \u00e5 danse har det etter hvert vokst fram et \u00f8nske om \u00e5 formidle noe gjennom dansen. Det var det som gjorde at jeg i 2012 bestemte meg for \u00e5 satse p\u00e5 \u00e5 jobbe frilans etter \u00e5 ha danset i Den Kongelige Ballet i K\u00f8benhavn og ved National Theateret i Mannheim, Tyskland.&nbsp; Utdannelsen min har jeg fra Den Norske Operas Ballettskole og Canada\u2019s National Ballet School i Toronto.<\/p>\n\n\n\n<p class=\"has-text-align-center\"><\/p>\n\n\n\n<p class=\"has-text-align-left\">Som frilans dansekunstner har jeg to hovedprosjekter for mitt skapende virke; politisk danseteater og dans som b\u00f8nnespr\u00e5k. Jeg medvirker som ut\u00f8vende kunstner i de fleste av mine produksjoner. I tillegg er jeg med som ut\u00f8ver i andre prosjekter.<\/p>\n\n\n\n<figure class=\"wp-block-gallery alignwide has-nested-images columns-default is-cropped wp-block-gallery-1 is-layout-flex wp-block-gallery-is-layout-flex\">\n<figure class=\"wp-block-image size-large\"><img loading=\"lazy\" decoding=\"async\" width=\"1024\" height=\"683\" data-id=\"106\" src=\"https:\/\/sigmundhegstad.no\/wordpress\/wp-content\/uploads\/2025\/08\/Sigmund-Hegstad-17-1024x683.jpeg\" alt=\"\" class=\"wp-image-106\" srcset=\"https:\/\/sigmundhegstad.no\/wp-content\/uploads\/2025\/08\/Sigmund-Hegstad-17-1024x683.jpeg 1024w, https:\/\/sigmundhegstad.no\/wp-content\/uploads\/2025\/08\/Sigmund-Hegstad-17-300x200.jpeg 300w, https:\/\/sigmundhegstad.no\/wp-content\/uploads\/2025\/08\/Sigmund-Hegstad-17-768x512.jpeg 768w, https:\/\/sigmundhegstad.no\/wp-content\/uploads\/2025\/08\/Sigmund-Hegstad-17-1536x1024.jpeg 1536w, https:\/\/sigmundhegstad.no\/wp-content\/uploads\/2025\/08\/Sigmund-Hegstad-17-2048x1365.jpeg 2048w\" sizes=\"auto, (max-width: 1024px) 100vw, 1024px\" \/><\/figure>\n\n\n\n<figure class=\"wp-block-image size-large\"><img loading=\"lazy\" decoding=\"async\" width=\"1024\" height=\"683\" data-id=\"105\" src=\"https:\/\/sigmundhegstad.no\/wordpress\/wp-content\/uploads\/2025\/08\/Sigmund-Hegstad-19-1024x683.jpeg\" alt=\"\" class=\"wp-image-105\" srcset=\"https:\/\/sigmundhegstad.no\/wp-content\/uploads\/2025\/08\/Sigmund-Hegstad-19-1024x683.jpeg 1024w, https:\/\/sigmundhegstad.no\/wp-content\/uploads\/2025\/08\/Sigmund-Hegstad-19-300x200.jpeg 300w, https:\/\/sigmundhegstad.no\/wp-content\/uploads\/2025\/08\/Sigmund-Hegstad-19-768x512.jpeg 768w, https:\/\/sigmundhegstad.no\/wp-content\/uploads\/2025\/08\/Sigmund-Hegstad-19-1536x1024.jpeg 1536w, https:\/\/sigmundhegstad.no\/wp-content\/uploads\/2025\/08\/Sigmund-Hegstad-19-2048x1365.jpeg 2048w\" sizes=\"auto, (max-width: 1024px) 100vw, 1024px\" \/><\/figure>\n\n\n\n<figure class=\"wp-block-image size-large\"><img loading=\"lazy\" decoding=\"async\" width=\"683\" height=\"1024\" data-id=\"107\" src=\"https:\/\/sigmundhegstad.no\/wordpress\/wp-content\/uploads\/2025\/08\/Sigmund-Hegstad-20-683x1024.jpeg\" alt=\"\" class=\"wp-image-107\" srcset=\"https:\/\/sigmundhegstad.no\/wp-content\/uploads\/2025\/08\/Sigmund-Hegstad-20-683x1024.jpeg 683w, https:\/\/sigmundhegstad.no\/wp-content\/uploads\/2025\/08\/Sigmund-Hegstad-20-200x300.jpeg 200w, https:\/\/sigmundhegstad.no\/wp-content\/uploads\/2025\/08\/Sigmund-Hegstad-20-768x1152.jpeg 768w, https:\/\/sigmundhegstad.no\/wp-content\/uploads\/2025\/08\/Sigmund-Hegstad-20-1024x1536.jpeg 1024w, https:\/\/sigmundhegstad.no\/wp-content\/uploads\/2025\/08\/Sigmund-Hegstad-20-1365x2048.jpeg 1365w, https:\/\/sigmundhegstad.no\/wp-content\/uploads\/2025\/08\/Sigmund-Hegstad-20-scaled.jpeg 1707w\" sizes=\"auto, (max-width: 683px) 100vw, 683px\" \/><\/figure>\n<\/figure>\n\n\n\n<div class=\"wp-block-columns alignwide is-layout-flex wp-container-core-columns-is-layout-9d6595d7 wp-block-columns-is-layout-flex\">\n<div class=\"wp-block-column is-layout-flow wp-block-column-is-layout-flow\">\n<h4 class=\"wp-block-heading\">Politisk danseteater<\/h4>\n\n\n\n<p>Dansekunsten b\u00f8r diskutere politiske temaer. Dans kan gi en f\u00f8lelsesmessig tiln\u00e6rming til tematikken og kan sette den i en kontekst som gj\u00f8r at vi forst\u00e5r bedre. I dagens samfunn er det sjeldent man har menneskers uavbrutte oppmerksomhet s\u00e5 lenge som en forestilling har. Dette gir en unik mulighet til \u00e5 p\u00e5virke og diskutere viktige temaer.<\/p>\n<\/div>\n\n\n\n<div class=\"wp-block-column is-layout-flow wp-block-column-is-layout-flow\">\n<h4 class=\"wp-block-heading\">Dans som kirkelig kunstform&nbsp;<\/h4>\n\n\n\n<p>Dansekunsten burde v\u00e6re en naturlig del av den kirkelige konteksten, slik andre kunstformer er. Jeg jobber b\u00e5de med dans i gudstjenestesammenheng og som selvstendige forestillinger med kristen tematikk. Kirkerommet rommer alle de store f\u00f8lelsene og temaene; fra sorg og lengsel til glede og takknemlighet.<\/p>\n<\/div>\n<\/div>\n","protected":false},"excerpt":{"rendered":"<p>Sigmund Hegstad Da jeg begynte \u00e5 danse som ni\u00e5ring, skj\u00f8nte jeg fort at det var dette jeg ville holde p\u00e5 med. I tillegg til \u00e5 danse har det etter hvert vokst fram et \u00f8nske om \u00e5 formidle noe gjennom dansen. Det var det som gjorde at jeg i 2012 bestemte meg for \u00e5 satse p\u00e5 [&hellip;]<\/p>\n","protected":false},"author":1,"featured_media":0,"parent":0,"menu_order":0,"comment_status":"closed","ping_status":"closed","template":"","meta":{"_coblocks_attr":"","_coblocks_dimensions":"","_coblocks_responsive_height":"","_coblocks_accordion_ie_support":"","hide_page_title":"enabled","footnotes":""},"class_list":["post-35","page","type-page","status-publish","hentry"],"yoast_head":"<!-- This site is optimized with the Yoast SEO plugin v26.2 - https:\/\/yoast.com\/wordpress\/plugins\/seo\/ -->\n<title>Om meg - Sigmund Hegstad - dansekunstner<\/title>\n<meta name=\"robots\" content=\"index, follow, max-snippet:-1, max-image-preview:large, max-video-preview:-1\" \/>\n<link rel=\"canonical\" href=\"https:\/\/sigmundhegstad.no\/index.php\/kontakt-2\/\" \/>\n<meta property=\"og:locale\" content=\"nb_NO\" \/>\n<meta property=\"og:type\" content=\"article\" \/>\n<meta property=\"og:title\" content=\"Om meg - Sigmund Hegstad - dansekunstner\" \/>\n<meta property=\"og:description\" content=\"Sigmund Hegstad Da jeg begynte \u00e5 danse som ni\u00e5ring, skj\u00f8nte jeg fort at det var dette jeg ville holde p\u00e5 med. I tillegg til \u00e5 danse har det etter hvert vokst fram et \u00f8nske om \u00e5 formidle noe gjennom dansen. Det var det som gjorde at jeg i 2012 bestemte meg for \u00e5 satse p\u00e5 [&hellip;]\" \/>\n<meta property=\"og:url\" content=\"https:\/\/sigmundhegstad.no\/index.php\/kontakt-2\/\" \/>\n<meta property=\"og:site_name\" content=\"Sigmund Hegstad - dansekunstner\" \/>\n<meta property=\"og:image\" content=\"https:\/\/sigmundhegstad.no\/wordpress\/wp-content\/uploads\/2025\/08\/Sigmund-Hegstad-17-1024x683.jpeg\" \/>\n<meta name=\"twitter:card\" content=\"summary_large_image\" \/>\n<meta name=\"twitter:label1\" content=\"Ansl. lesetid\" \/>\n\t<meta name=\"twitter:data1\" content=\"2 minutter\" \/>\n<script type=\"application\/ld+json\" class=\"yoast-schema-graph\">{\"@context\":\"https:\/\/schema.org\",\"@graph\":[{\"@type\":\"WebPage\",\"@id\":\"https:\/\/sigmundhegstad.no\/index.php\/kontakt-2\/\",\"url\":\"https:\/\/sigmundhegstad.no\/index.php\/kontakt-2\/\",\"name\":\"Om meg - Sigmund Hegstad - dansekunstner\",\"isPartOf\":{\"@id\":\"https:\/\/sigmundhegstad.no\/#website\"},\"primaryImageOfPage\":{\"@id\":\"https:\/\/sigmundhegstad.no\/index.php\/kontakt-2\/#primaryimage\"},\"image\":{\"@id\":\"https:\/\/sigmundhegstad.no\/index.php\/kontakt-2\/#primaryimage\"},\"thumbnailUrl\":\"https:\/\/sigmundhegstad.no\/wordpress\/wp-content\/uploads\/2025\/08\/Sigmund-Hegstad-17-1024x683.jpeg\",\"datePublished\":\"2025-10-12T16:12:50+00:00\",\"breadcrumb\":{\"@id\":\"https:\/\/sigmundhegstad.no\/index.php\/kontakt-2\/#breadcrumb\"},\"inLanguage\":\"nb-NO\",\"potentialAction\":[{\"@type\":\"ReadAction\",\"target\":[\"https:\/\/sigmundhegstad.no\/index.php\/kontakt-2\/\"]}]},{\"@type\":\"ImageObject\",\"inLanguage\":\"nb-NO\",\"@id\":\"https:\/\/sigmundhegstad.no\/index.php\/kontakt-2\/#primaryimage\",\"url\":\"https:\/\/sigmundhegstad.no\/wp-content\/uploads\/2025\/08\/Sigmund-Hegstad-17-scaled.jpeg\",\"contentUrl\":\"https:\/\/sigmundhegstad.no\/wp-content\/uploads\/2025\/08\/Sigmund-Hegstad-17-scaled.jpeg\",\"width\":2560,\"height\":1707},{\"@type\":\"BreadcrumbList\",\"@id\":\"https:\/\/sigmundhegstad.no\/index.php\/kontakt-2\/#breadcrumb\",\"itemListElement\":[{\"@type\":\"ListItem\",\"position\":1,\"name\":\"Hjem\",\"item\":\"https:\/\/sigmundhegstad.no\/\"},{\"@type\":\"ListItem\",\"position\":2,\"name\":\"Om meg\"}]},{\"@type\":\"WebSite\",\"@id\":\"https:\/\/sigmundhegstad.no\/#website\",\"url\":\"https:\/\/sigmundhegstad.no\/\",\"name\":\"Sigmund Hegstad - dansekunstner\",\"description\":\"\",\"potentialAction\":[{\"@type\":\"SearchAction\",\"target\":{\"@type\":\"EntryPoint\",\"urlTemplate\":\"https:\/\/sigmundhegstad.no\/?s={search_term_string}\"},\"query-input\":{\"@type\":\"PropertyValueSpecification\",\"valueRequired\":true,\"valueName\":\"search_term_string\"}}],\"inLanguage\":\"nb-NO\"}]}<\/script>\n<!-- \/ Yoast SEO plugin. -->","yoast_head_json":{"title":"Om meg - Sigmund Hegstad - dansekunstner","robots":{"index":"index","follow":"follow","max-snippet":"max-snippet:-1","max-image-preview":"max-image-preview:large","max-video-preview":"max-video-preview:-1"},"canonical":"https:\/\/sigmundhegstad.no\/index.php\/kontakt-2\/","og_locale":"nb_NO","og_type":"article","og_title":"Om meg - Sigmund Hegstad - dansekunstner","og_description":"Sigmund Hegstad Da jeg begynte \u00e5 danse som ni\u00e5ring, skj\u00f8nte jeg fort at det var dette jeg ville holde p\u00e5 med. I tillegg til \u00e5 danse har det etter hvert vokst fram et \u00f8nske om \u00e5 formidle noe gjennom dansen. Det var det som gjorde at jeg i 2012 bestemte meg for \u00e5 satse p\u00e5 [&hellip;]","og_url":"https:\/\/sigmundhegstad.no\/index.php\/kontakt-2\/","og_site_name":"Sigmund Hegstad - dansekunstner","og_image":[{"url":"https:\/\/sigmundhegstad.no\/wordpress\/wp-content\/uploads\/2025\/08\/Sigmund-Hegstad-17-1024x683.jpeg","type":"","width":"","height":""}],"twitter_card":"summary_large_image","twitter_misc":{"Ansl. lesetid":"2 minutter"},"schema":{"@context":"https:\/\/schema.org","@graph":[{"@type":"WebPage","@id":"https:\/\/sigmundhegstad.no\/index.php\/kontakt-2\/","url":"https:\/\/sigmundhegstad.no\/index.php\/kontakt-2\/","name":"Om meg - Sigmund Hegstad - dansekunstner","isPartOf":{"@id":"https:\/\/sigmundhegstad.no\/#website"},"primaryImageOfPage":{"@id":"https:\/\/sigmundhegstad.no\/index.php\/kontakt-2\/#primaryimage"},"image":{"@id":"https:\/\/sigmundhegstad.no\/index.php\/kontakt-2\/#primaryimage"},"thumbnailUrl":"https:\/\/sigmundhegstad.no\/wordpress\/wp-content\/uploads\/2025\/08\/Sigmund-Hegstad-17-1024x683.jpeg","datePublished":"2025-10-12T16:12:50+00:00","breadcrumb":{"@id":"https:\/\/sigmundhegstad.no\/index.php\/kontakt-2\/#breadcrumb"},"inLanguage":"nb-NO","potentialAction":[{"@type":"ReadAction","target":["https:\/\/sigmundhegstad.no\/index.php\/kontakt-2\/"]}]},{"@type":"ImageObject","inLanguage":"nb-NO","@id":"https:\/\/sigmundhegstad.no\/index.php\/kontakt-2\/#primaryimage","url":"https:\/\/sigmundhegstad.no\/wp-content\/uploads\/2025\/08\/Sigmund-Hegstad-17-scaled.jpeg","contentUrl":"https:\/\/sigmundhegstad.no\/wp-content\/uploads\/2025\/08\/Sigmund-Hegstad-17-scaled.jpeg","width":2560,"height":1707},{"@type":"BreadcrumbList","@id":"https:\/\/sigmundhegstad.no\/index.php\/kontakt-2\/#breadcrumb","itemListElement":[{"@type":"ListItem","position":1,"name":"Hjem","item":"https:\/\/sigmundhegstad.no\/"},{"@type":"ListItem","position":2,"name":"Om meg"}]},{"@type":"WebSite","@id":"https:\/\/sigmundhegstad.no\/#website","url":"https:\/\/sigmundhegstad.no\/","name":"Sigmund Hegstad - dansekunstner","description":"","potentialAction":[{"@type":"SearchAction","target":{"@type":"EntryPoint","urlTemplate":"https:\/\/sigmundhegstad.no\/?s={search_term_string}"},"query-input":{"@type":"PropertyValueSpecification","valueRequired":true,"valueName":"search_term_string"}}],"inLanguage":"nb-NO"}]}},"_links":{"self":[{"href":"https:\/\/sigmundhegstad.no\/index.php\/wp-json\/wp\/v2\/pages\/35","targetHints":{"allow":["GET"]}}],"collection":[{"href":"https:\/\/sigmundhegstad.no\/index.php\/wp-json\/wp\/v2\/pages"}],"about":[{"href":"https:\/\/sigmundhegstad.no\/index.php\/wp-json\/wp\/v2\/types\/page"}],"author":[{"embeddable":true,"href":"https:\/\/sigmundhegstad.no\/index.php\/wp-json\/wp\/v2\/users\/1"}],"replies":[{"embeddable":true,"href":"https:\/\/sigmundhegstad.no\/index.php\/wp-json\/wp\/v2\/comments?post=35"}],"version-history":[{"count":7,"href":"https:\/\/sigmundhegstad.no\/index.php\/wp-json\/wp\/v2\/pages\/35\/revisions"}],"predecessor-version":[{"id":108,"href":"https:\/\/sigmundhegstad.no\/index.php\/wp-json\/wp\/v2\/pages\/35\/revisions\/108"}],"wp:attachment":[{"href":"https:\/\/sigmundhegstad.no\/index.php\/wp-json\/wp\/v2\/media?parent=35"}],"curies":[{"name":"wp","href":"https:\/\/api.w.org\/{rel}","templated":true}]}}